{"id":1208,"date":"2023-06-02T08:24:44","date_gmt":"2023-06-02T08:24:44","guid":{"rendered":"https:\/\/natalie-schaefer.com\/?page_id=1208"},"modified":"2025-08-30T17:08:19","modified_gmt":"2025-08-30T17:08:19","slug":"bio","status":"publish","type":"page","link":"https:\/\/natalie-schaefer.com\/de\/bio\/","title":{"rendered":"Bio"},"content":{"rendered":"\t\t<div data-elementor-type=\"wp-page\" data-elementor-id=\"1208\" class=\"elementor elementor-1208 elementor-211\" data-elementor-post-type=\"page\">\n\t\t\t\t\t\t<section class=\"elementor-section elementor-top-section elementor-element elementor-element-889a336 elementor-section-boxed elementor-section-height-default elementor-section-height-default\" data-id=\"889a336\" data-element_type=\"section\" data-settings=\"{&quot;background_background&quot;:&quot;classic&quot;}\">\n\t\t\t\t\t\t\t<div class=\"elementor-background-overlay\"><\/div>\n\t\t\t\t\t\t\t<div class=\"elementor-container elementor-column-gap-default\">\n\t\t\t\t\t<div class=\"elementor-column elementor-col-50 elementor-top-column elementor-element elementor-element-da933d8\" data-id=\"da933d8\" data-element_type=\"column\">\n\t\t\t<div class=\"elementor-widget-wrap elementor-element-populated\">\n\t\t\t\t\t\t<div class=\"elementor-element elementor-element-7517ea4 elementor-widget elementor-widget-heading\" data-id=\"7517ea4\" data-element_type=\"widget\" data-widget_type=\"heading.default\">\n\t\t\t\t<div class=\"elementor-widget-container\">\n\t\t\t<style>\/*! elementor - v3.23.0 - 05-08-2024 *\/\n.elementor-heading-title{padding:0;margin:0;line-height:1}.elementor-widget-heading .elementor-heading-title[class*=elementor-size-]>a{color:inherit;font-size:inherit;line-height:inherit}.elementor-widget-heading .elementor-heading-title.elementor-size-small{font-size:15px}.elementor-widget-heading .elementor-heading-title.elementor-size-medium{font-size:19px}.elementor-widget-heading .elementor-heading-title.elementor-size-large{font-size:29px}.elementor-widget-heading .elementor-heading-title.elementor-size-xl{font-size:39px}.elementor-widget-heading .elementor-heading-title.elementor-size-xxl{font-size:59px}<\/style><h2 class=\"elementor-heading-title elementor-size-default\">Curriculum vitae\n<\/h2>\t\t<\/div>\n\t\t\t\t<\/div>\n\t\t\t\t<div class=\"elementor-element elementor-element-1038677 elementor-widget elementor-widget-text-editor\" data-id=\"1038677\" data-element_type=\"widget\" data-widget_type=\"text-editor.default\">\n\t\t\t\t<div class=\"elementor-widget-container\">\n\t\t\t<style>\/*! elementor - v3.23.0 - 05-08-2024 *\/\n.elementor-widget-text-editor.elementor-drop-cap-view-stacked .elementor-drop-cap{background-color:#69727d;color:#fff}.elementor-widget-text-editor.elementor-drop-cap-view-framed .elementor-drop-cap{color:#69727d;border:3px solid;background-color:transparent}.elementor-widget-text-editor:not(.elementor-drop-cap-view-default) .elementor-drop-cap{margin-top:8px}.elementor-widget-text-editor:not(.elementor-drop-cap-view-default) .elementor-drop-cap-letter{width:1em;height:1em}.elementor-widget-text-editor .elementor-drop-cap{float:left;text-align:center;line-height:1;font-size:50px}.elementor-widget-text-editor .elementor-drop-cap-letter{display:inline-block}<\/style>\t\t\t\t<h5>\u201eWenn ich Musik schreibe, geht es mir immer um die Menschen, f\u00fcr die ich schreibe. Ich liebe den Austausch, das Diskutieren, das gemeinsame Erforschen. Dieser Prozess des gemeinsamen Musikmachens und Kreierens ist f\u00fcr mich magisch.\u201c<\/h5><p>\u00a0<\/p><p>Natalie Sch\u00e4fer ist eine Komponistin, die derzeit in Malm\u00f6, Schweden, lebt. Beim Komponieren versucht sie immer, den emotionalen Kern eines Projekts einzufangen. F\u00fcr sie geh\u00f6ren Bild und Musik aufgrund ihrer Syn\u00e4sthesie zusammen.<\/p><p>\u00a0<\/p><p>Ihre musikalische Arbeit umfasst Medienkomposition, das Arrangieren von Musik f\u00fcr verschiedene Ensembles und das Einfangen ihrer eigenen individuellen musikalischen Stimme in ihren Originalkompositionen.<\/p><p>Sie schrieb Werke f\u00fcr internationale Ensembles und Solisten wie das Helsingborg Symphony Orchestra, das Lumis Ensemble, das Baltic Basson Quartet und die Solocellistin Elide Sulsenti.<\/p><p>\u00a0<\/p><p>Sie verf\u00fcgt \u00fcber einen Master-Abschluss mit Auszeichnung in Komposition f\u00fcr Film und Medien von der Malm\u00f6 Academy of Music.<br \/>Derzeit studiert sie klassische Komposition im Diplomstudiengang Komposition (Solistin) bei Prof. Bent S\u00f8rensen und Prof. Staffan Storm.<\/p><p>Vom 19. bis 23. November nahm sie am Discovery Campus \u201eMusic meets film\u201c in Tallinn (Estland) teil, der Teil der Veranstaltung Industry@Tallinn&amp;Baltic 2024 ist.<\/p><p>Seit Oktober 2024 ist sie Dozentin f\u00fcr klassische Musiktheorie und Filmmusik an der Hochschule f\u00fcr Musik und Theater Rostock in Norddeutschland.<\/p>\t\t\t\t\t\t<\/div>\n\t\t\t\t<\/div>\n\t\t\t\t<div class=\"elementor-element elementor-element-b99d26f elementor-widget elementor-widget-text-editor\" data-id=\"b99d26f\" data-element_type=\"widget\" data-widget_type=\"text-editor.default\">\n\t\t\t\t<div class=\"elementor-widget-container\">\n\t\t\t\t\t\t\t<pre class=\"tw-data-text tw-text-large tw-ta\" dir=\"ltr\" data-placeholder=\"Translation\" data-ved=\"2ahUKEwiT98fe6tGJAxUNXkEAHQ-RPSAQ3ewLegQICRAU\" aria-label=\"Translated text: Wettbewerbe: Absoluter Gewinner beim Bach International Music Competition (Sommer 2024) \u2013 Komposition\u00a0 Diamantpreis beim 5. Internationalen Georges Bizet-Musikwettbewerb \u2013 Film- und Spielemusik\u00a0 Erster Preis mit besonderer Erw\u00e4hnung beim International Classical Music Stars Competition \u2013 Komposition\"><span class=\"Y2IQFc\" lang=\"de\">Wettbewerbe: <\/span>\n<\/pre><pre><br \/>Absolute First Prize bei der Mozart International Musik Competition UK (summer 2025) - Best Original Composition<\/pre><pre>Zweiter Preis bei der KNOTEN International Composition Competition (summer 2025)<\/pre><pre>Absolute Winner bei der Bach International Music Competition (summer 2024) - Composition <\/pre><pre>Diamond Prize bei der 5th Georges Bizet International Music Competition - Film and Game Music <\/pre><pre>Erster Preis mit besonderer Erw\u00e4hnung bei der International Classical Music Stars Competition\u00a0 - Composition<\/pre>\t\t\t\t\t\t<\/div>\n\t\t\t\t<\/div>\n\t\t\t\t\t<\/div>\n\t\t<\/div>\n\t\t\t\t<div class=\"elementor-column elementor-col-50 elementor-top-column elementor-element elementor-element-d71f085\" data-id=\"d71f085\" data-element_type=\"column\">\n\t\t\t<div class=\"elementor-widget-wrap elementor-element-populated\">\n\t\t\t\t\t\t<div class=\"elementor-element elementor-element-c7b579f elementor-widget elementor-widget-image\" data-id=\"c7b579f\" data-element_type=\"widget\" data-widget_type=\"image.default\">\n\t\t\t\t<div class=\"elementor-widget-container\">\n\t\t\t<style>\/*! elementor - v3.23.0 - 05-08-2024 *\/\n.elementor-widget-image{text-align:center}.elementor-widget-image a{display:inline-block}.elementor-widget-image a img[src$=\".svg\"]{width:48px}.elementor-widget-image img{vertical-align:middle;display:inline-block}<\/style>\t\t\t\t\t\t\t\t\t\t<img fetchpriority=\"high\" decoding=\"async\" width=\"667\" height=\"1000\" src=\"https:\/\/natalie-schaefer.com\/wp-content\/uploads\/2023\/06\/Natalie-1.webp\" class=\"attachment-full size-full wp-image-1141\" alt=\"\" srcset=\"https:\/\/natalie-schaefer.com\/wp-content\/uploads\/2023\/06\/Natalie-1.webp 667w, https:\/\/natalie-schaefer.com\/wp-content\/uploads\/2023\/06\/Natalie-1-200x300.webp 200w\" sizes=\"(max-width: 667px) 100vw, 667px\" \/>\t\t\t\t\t\t\t\t\t\t\t\t\t<\/div>\n\t\t\t\t<\/div>\n\t\t\t\t\t<\/div>\n\t\t<\/div>\n\t\t\t\t\t<\/div>\n\t\t<\/section>\n\t\t\t\t<\/div>\n\t\t","protected":false},"excerpt":{"rendered":"<p>Curriculum vitae \u201eWenn ich Musik schreibe, geht es mir immer um die Menschen, f\u00fcr die ich schreibe. Ich liebe den Austausch, das Diskutieren, das gemeinsame Erforschen. Dieser Prozess des gemeinsamen Musikmachens und Kreierens ist f\u00fcr mich magisch.\u201c \u00a0 Natalie Sch\u00e4fer ist eine Komponistin, die derzeit in Malm\u00f6, Schweden, lebt. Beim Komponieren versucht sie immer, den [&hellip;]<\/p>\n","protected":false},"author":1,"featured_media":0,"parent":0,"menu_order":0,"comment_status":"closed","ping_status":"closed","template":"elementor_header_footer","meta":{"rank_math_lock_modified_date":false,"footnotes":""},"class_list":["post-1208","page","type-page","status-publish","hentry"],"_links":{"self":[{"href":"https:\/\/natalie-schaefer.com\/de\/wp-json\/wp\/v2\/pages\/1208"}],"collection":[{"href":"https:\/\/natalie-schaefer.com\/de\/wp-json\/wp\/v2\/pages"}],"about":[{"href":"https:\/\/natalie-schaefer.com\/de\/wp-json\/wp\/v2\/types\/page"}],"author":[{"embeddable":true,"href":"https:\/\/natalie-schaefer.com\/de\/wp-json\/wp\/v2\/users\/1"}],"replies":[{"embeddable":true,"href":"https:\/\/natalie-schaefer.com\/de\/wp-json\/wp\/v2\/comments?post=1208"}],"version-history":[{"count":48,"href":"https:\/\/natalie-schaefer.com\/de\/wp-json\/wp\/v2\/pages\/1208\/revisions"}],"predecessor-version":[{"id":3104,"href":"https:\/\/natalie-schaefer.com\/de\/wp-json\/wp\/v2\/pages\/1208\/revisions\/3104"}],"wp:attachment":[{"href":"https:\/\/natalie-schaefer.com\/de\/wp-json\/wp\/v2\/media?parent=1208"}],"curies":[{"name":"wp","href":"https:\/\/api.w.org\/{rel}","templated":true}]}}