{"id":1291,"date":"2024-06-20T07:56:15","date_gmt":"2024-06-20T07:56:15","guid":{"rendered":"https:\/\/natalie-schaefer.com\/?page_id=1291"},"modified":"2024-06-20T08:26:16","modified_gmt":"2024-06-20T08:26:16","slug":"impressum","status":"publish","type":"page","link":"https:\/\/natalie-schaefer.com\/de\/impressum\/","title":{"rendered":"Impressum"},"content":{"rendered":"\t\t<div data-elementor-type=\"wp-page\" data-elementor-id=\"1291\" class=\"elementor elementor-1291\" data-elementor-post-type=\"page\">\n\t\t\t\t\t\t<section class=\"elementor-section elementor-top-section elementor-element elementor-element-c88eefe elementor-section-boxed elementor-section-height-default elementor-section-height-default\" data-id=\"c88eefe\" data-element_type=\"section\" data-settings=\"{&quot;background_background&quot;:&quot;classic&quot;}\">\n\t\t\t\t\t\t\t<div class=\"elementor-background-overlay\"><\/div>\n\t\t\t\t\t\t\t<div class=\"elementor-container elementor-column-gap-default\">\n\t\t\t\t\t<div class=\"elementor-column elementor-col-100 elementor-top-column elementor-element elementor-element-9ab98fb\" data-id=\"9ab98fb\" data-element_type=\"column\">\n\t\t\t<div class=\"elementor-widget-wrap elementor-element-populated\">\n\t\t\t\t\t\t<div class=\"elementor-element elementor-element-b60e59c elementor-widget elementor-widget-heading\" data-id=\"b60e59c\" data-element_type=\"widget\" data-widget_type=\"heading.default\">\n\t\t\t\t<div class=\"elementor-widget-container\">\n\t\t\t<style>\/*! elementor - v3.23.0 - 05-08-2024 *\/\n.elementor-heading-title{padding:0;margin:0;line-height:1}.elementor-widget-heading .elementor-heading-title[class*=elementor-size-]>a{color:inherit;font-size:inherit;line-height:inherit}.elementor-widget-heading .elementor-heading-title.elementor-size-small{font-size:15px}.elementor-widget-heading .elementor-heading-title.elementor-size-medium{font-size:19px}.elementor-widget-heading .elementor-heading-title.elementor-size-large{font-size:29px}.elementor-widget-heading .elementor-heading-title.elementor-size-xl{font-size:39px}.elementor-widget-heading .elementor-heading-title.elementor-size-xxl{font-size:59px}<\/style><h2 class=\"elementor-heading-title elementor-size-default\">Impressum<\/h2>\t\t<\/div>\n\t\t\t\t<\/div>\n\t\t\t\t<div class=\"elementor-element elementor-element-bd6595a elementor-widget elementor-widget-text-editor\" data-id=\"bd6595a\" data-element_type=\"widget\" data-widget_type=\"text-editor.default\">\n\t\t\t\t<div class=\"elementor-widget-container\">\n\t\t\t<style>\/*! elementor - v3.23.0 - 05-08-2024 *\/\n.elementor-widget-text-editor.elementor-drop-cap-view-stacked .elementor-drop-cap{background-color:#69727d;color:#fff}.elementor-widget-text-editor.elementor-drop-cap-view-framed .elementor-drop-cap{color:#69727d;border:3px solid;background-color:transparent}.elementor-widget-text-editor:not(.elementor-drop-cap-view-default) .elementor-drop-cap{margin-top:8px}.elementor-widget-text-editor:not(.elementor-drop-cap-view-default) .elementor-drop-cap-letter{width:1em;height:1em}.elementor-widget-text-editor .elementor-drop-cap{float:left;text-align:center;line-height:1;font-size:50px}.elementor-widget-text-editor .elementor-drop-cap-letter{display:inline-block}<\/style>\t\t\t\t<p>Meyenburger Stra\u00dfe 22<br \/>19395 Ganzlin OT Wendisch Priborn<\/p><p>Tel.: +49162 1755310<br \/>E-Mail: info@natalie-schaefer.com<\/p><p><strong>Vertretungsberechtigt:<\/strong><\/p><p>Natalie Sch\u00e4fer<\/p><p><strong>Unsere Social-Media-Pr\u00e4senzen:<\/strong><br \/>Dieses Impressum gilt auch f\u00fcr die Social Media-Pr\u00e4senzen von auf<\/p><p><a href=\"https:\/\/open.spotify.com\/intl-de\/artist\/3c61H5QdK7iVLmfpNW3X0r?si=xRlFOruEQQC1B1Ph8WkOLg&amp;nd=1\" target=\"_blank\" rel=\"noopener\">Spotify<\/a><br \/><a href=\"https:\/\/www.youtube.com\/@NatalieSchafer-hy7hw\" target=\"_blank\" rel=\"noopener\">Youtube<\/a><br \/><a href=\"https:\/\/www.instagram.com\/nata_lieschaefer\/?igshid=MmIzYWVlNDQ5Yg%3D%3D\" target=\"_blank\" rel=\"noopener\">Instagram<\/a><br \/><a href=\"https:\/\/www.facebook.com\/people\/Natalie-Sch\u00e4fer\/pfbid0Uk5YsgxKddaFHf2p6SjRgkTbLq5k4MQXKjMWbBMLScAHmzUaMJFRU6KQvAgpDF1Vl\/\" target=\"_blank\" rel=\"noopener\">Facebook<\/a><br \/><a href=\"https:\/\/music.apple.com\/de\/artist\/natalie-sch\u00e4fer\/1698212411\" target=\"_blank\" rel=\"noopener\">Apple Music<\/a><\/p><p>Design: <a title=\"&quot;artlemon&quot; Webdesign, WordPress developer, Grafikdesign Berlin\" href=\"http:\/\/www.artlemon.de\/\" target=\"_blank\" rel=\"noopener\">www.artlemon.de<\/a><\/p><p>Bildquellen:<br \/>Christian M\u00f6ller, Felipe Araya<\/p>\t\t\t\t\t\t<\/div>\n\t\t\t\t<\/div>\n\t\t\t\t\t<\/div>\n\t\t<\/div>\n\t\t\t\t\t<\/div>\n\t\t<\/section>\n\t\t\t\t<section class=\"elementor-section elementor-top-section elementor-element elementor-element-297cfd4 elementor-section-boxed elementor-section-height-default elementor-section-height-default\" data-id=\"297cfd4\" data-element_type=\"section\" data-settings=\"{&quot;background_background&quot;:&quot;classic&quot;}\">\n\t\t\t\t\t\t\t<div class=\"elementor-background-overlay\"><\/div>\n\t\t\t\t\t\t\t<div class=\"elementor-container elementor-column-gap-default\">\n\t\t\t\t\t<div class=\"elementor-column elementor-col-50 elementor-top-column elementor-element elementor-element-651f397\" data-id=\"651f397\" data-element_type=\"column\">\n\t\t\t<div class=\"elementor-widget-wrap elementor-element-populated\">\n\t\t\t\t\t\t<div class=\"elementor-element elementor-element-6e52eff elementor-widget elementor-widget-heading\" data-id=\"6e52eff\" data-element_type=\"widget\" data-widget_type=\"heading.default\">\n\t\t\t\t<div class=\"elementor-widget-container\">\n\t\t\t<h2 class=\"elementor-heading-title elementor-size-default\">Curriculum vitae\n<\/h2>\t\t<\/div>\n\t\t\t\t<\/div>\n\t\t\t\t<div class=\"elementor-element elementor-element-52f081a elementor-widget elementor-widget-text-editor\" data-id=\"52f081a\" data-element_type=\"widget\" data-widget_type=\"text-editor.default\">\n\t\t\t\t<div class=\"elementor-widget-container\">\n\t\t\t\t\t\t\t<p>Natalie Sch\u00e4fer is a German-Czech musician, composer, arranger, film composer and teacher. She started composing at the age of 12. At the age of 16, she wrote her first arrangements. She studied classical music theory and composition at the University of Music and Theatre Rostock with Prof. Dr. Dr. Lang and Prof. Wolf as well as Mathias Steinauer at Z\u00fcrich University of the Arts. She took part in masterclasses with Prof. Dr. Sackmann (Z\u00fcrich University of the Arts), Prof. Dr. Petersen (Johannes Gutenberg University Mainz), Prof. Dr. Holtmeier (Freiburg University of Music), Prof. Dr. Sprau (Berlin University of the Arts) and Prof. Dr. Brandes (Universit\u00e4t Mozarteum Salzburg). She already had student teaching contracts in music theory and led music theory tutorials.<\/p><p>Natalie Sch\u00e4fer studies composition for film and media at Malm\u00f6 Academy of Music (Lund University) with Nicklas Schmidt and Daniel Fjellstr\u00f6m. Composers like Gy\u00f6rgy Ligeti, Thomas Ad\u00e8s, Karin Rehnqvist and John Williams inspire her compositions.<\/p>\t\t\t\t\t\t<\/div>\n\t\t\t\t<\/div>\n\t\t\t\t<div class=\"elementor-element elementor-element-2d405db elementor-widget elementor-widget-heading\" data-id=\"2d405db\" data-element_type=\"widget\" data-widget_type=\"heading.default\">\n\t\t\t\t<div class=\"elementor-widget-container\">\n\t\t\t<h3 class=\"elementor-heading-title elementor-size-default\">Biography<\/h3>\t\t<\/div>\n\t\t\t\t<\/div>\n\t\t\t\t<div class=\"elementor-element elementor-element-d6af16d elementor-widget elementor-widget-text-editor\" data-id=\"d6af16d\" data-element_type=\"widget\" data-widget_type=\"text-editor.default\">\n\t\t\t\t<div class=\"elementor-widget-container\">\n\t\t\t\t\t\t\t<p>2007 \u2013 2014 Private lessons in piano and organ<\/p><p>2011 \u2013 2014 Organ lessons at Rheinsberg Music Academy<\/p><p>2014 \u2013 2017 Goethe-Gymnasium-Schwerin (Music High School)<\/p><ul><li>Lessons in piano, organ, classical singing<\/li><li>Member of\u00a0 Youth Chamber Choir<\/li><\/ul><p>Since 2018 Private teacher for music theory, listening, piano and voice training<\/p><p>2017 \u2013 2019 Teaching studies at the University of Music and Theatre Rostock<\/p><ul><li>Piano lessons from Rico Gatzke<\/li><li>Classical singing lessons from Prof. Heidrun Warczak<\/li><\/ul><p>2019 \u2013 2022 Bachelor of Music in music theory at the University of Music and Theatre Rostock<\/p><ul><li>Music theory classes from Prof. Dr. Dr. Benjamin Lang<\/li><li>Composition classes from Prof. Peter Manfred Wolf<\/li><\/ul><p>November 2019 Masterclass with Prof. Dr. Kilian Sprau (Berlin University of the Arts)<\/p><p>January 2020 Masterclass with Prof. Dr. Ludwig Holtmeier (Freiburg University of Music)<\/p><p>February 2021 \u2013 June 2021 Creative Music Practices at Z\u00fcrich University of the Arts<\/p><ul><li>Composition classes from Prof. Mathias Steinauer<\/li><\/ul><p>October 2021 Scholarship from the German National Youth Choir for an apprenticeship to become a D\u2013educator for choir singing<\/p><p>November 2021<\/p><ul><li>Masterclass with Prof. Dr. Birger Petersen (Mainz School of Music)<\/li><li>Workshop with Prof. Mathias Steinauer (Z\u00fcrich University of the Arts)\u00a0<\/li><\/ul><p>November 2021 Apprenticeship to become a D\u2013educator in choir singing<\/p><ul><li>German National Youth Choir (Halle an der Saale)<\/li><\/ul><p>October 2020 \u2013 February 2022 Music theory tutor at the University of Music and Theatre Rostock<\/p><p>October 2021 \u2013 February 2022 Music theory teacher at the University of Music and Theatre Rostock<\/p><p>April 2022 Masterclass with Prof. Dr. Dominik Sackmann (Z\u00fcrich University of the Arts)<\/p><p>November 2022 Masterclass with Prof. Dr. Juliane Brandes (Mozarteum University Salzburg)<\/p><p>2022 \u2013 2024 Master of Music in film composition and media at the Malm\u00f6 Academy of Music<\/p><ul><li>Composition for Film and Media with Nicklas Schmidt<\/li><li>Composition with Daniel Fjellstr\u00f6m and Staffan Storm<\/li><\/ul><p>April \u2013 October 2023 Assistance for the German National Youth Choir<\/p><ul><li>Creating educational material for the higher education levels (D3)<\/li><\/ul>\t\t\t\t\t\t<\/div>\n\t\t\t\t<\/div>\n\t\t\t\t\t<\/div>\n\t\t<\/div>\n\t\t\t\t<div class=\"elementor-column elementor-col-50 elementor-top-column elementor-element elementor-element-abee5ac\" data-id=\"abee5ac\" data-element_type=\"column\">\n\t\t\t<div class=\"elementor-widget-wrap elementor-element-populated\">\n\t\t\t\t\t\t<div class=\"elementor-element elementor-element-439254d elementor-widget elementor-widget-image\" data-id=\"439254d\" data-element_type=\"widget\" data-widget_type=\"image.default\">\n\t\t\t\t<div class=\"elementor-widget-container\">\n\t\t\t<style>\/*! elementor - v3.23.0 - 05-08-2024 *\/\n.elementor-widget-image{text-align:center}.elementor-widget-image a{display:inline-block}.elementor-widget-image a img[src$=\".svg\"]{width:48px}.elementor-widget-image img{vertical-align:middle;display:inline-block}<\/style>\t\t\t\t\t\t\t\t\t\t<img fetchpriority=\"high\" decoding=\"async\" width=\"800\" height=\"1200\" src=\"https:\/\/natalie-schaefer.com\/wp-content\/uploads\/2024\/06\/Natalie01.webp\" class=\"attachment-full size-full wp-image-1299\" alt=\"\" srcset=\"https:\/\/natalie-schaefer.com\/wp-content\/uploads\/2024\/06\/Natalie01.webp 800w, https:\/\/natalie-schaefer.com\/wp-content\/uploads\/2024\/06\/Natalie01-200x300.webp 200w, https:\/\/natalie-schaefer.com\/wp-content\/uploads\/2024\/06\/Natalie01-683x1024.webp 683w, https:\/\/natalie-schaefer.com\/wp-content\/uploads\/2024\/06\/Natalie01-768x1152.webp 768w\" sizes=\"(max-width: 800px) 100vw, 800px\" \/>\t\t\t\t\t\t\t\t\t\t\t\t\t<\/div>\n\t\t\t\t<\/div>\n\t\t\t\t\t<\/div>\n\t\t<\/div>\n\t\t\t\t\t<\/div>\n\t\t<\/section>\n\t\t\t\t<\/div>\n\t\t","protected":false},"excerpt":{"rendered":"<p>Impressum Meyenburger Stra\u00dfe 2219395 Ganzlin OT Wendisch Priborn Tel.: +49162 1755310E-Mail: info@natalie-schaefer.com Vertretungsberechtigt: Natalie Sch\u00e4fer Unsere Social-Media-Pr\u00e4senzen:Dieses Impressum gilt auch f\u00fcr die Social Media-Pr\u00e4senzen von auf SpotifyYoutubeInstagramFacebookApple Music Design: www.artlemon.de Bildquellen:Christian M\u00f6ller, Felipe Araya Curriculum vitae Natalie Sch\u00e4fer is a German-Czech musician, composer, arranger, film composer and teacher. She started composing at the age of [&hellip;]<\/p>\n","protected":false},"author":1,"featured_media":0,"parent":0,"menu_order":0,"comment_status":"closed","ping_status":"closed","template":"elementor_header_footer","meta":{"rank_math_lock_modified_date":false,"footnotes":""},"class_list":["post-1291","page","type-page","status-publish","hentry"],"_links":{"self":[{"href":"https:\/\/natalie-schaefer.com\/de\/wp-json\/wp\/v2\/pages\/1291"}],"collection":[{"href":"https:\/\/natalie-schaefer.com\/de\/wp-json\/wp\/v2\/pages"}],"about":[{"href":"https:\/\/natalie-schaefer.com\/de\/wp-json\/wp\/v2\/types\/page"}],"author":[{"embeddable":true,"href":"https:\/\/natalie-schaefer.com\/de\/wp-json\/wp\/v2\/users\/1"}],"replies":[{"embeddable":true,"href":"https:\/\/natalie-schaefer.com\/de\/wp-json\/wp\/v2\/comments?post=1291"}],"version-history":[{"count":0,"href":"https:\/\/natalie-schaefer.com\/de\/wp-json\/wp\/v2\/pages\/1291\/revisions"}],"wp:attachment":[{"href":"https:\/\/natalie-schaefer.com\/de\/wp-json\/wp\/v2\/media?parent=1291"}],"curies":[{"name":"wp","href":"https:\/\/api.w.org\/{rel}","templated":true}]}}